{"id":928,"date":"2025-05-22T14:07:48","date_gmt":"2025-05-22T12:07:48","guid":{"rendered":"https:\/\/ensemble.fiestravaganza.com\/?page_id=928"},"modified":"2025-06-12T19:00:08","modified_gmt":"2025-06-12T17:00:08","slug":"imprint-and-legal-notice","status":"publish","type":"page","link":"https:\/\/ensemble.fiestravaganza.com\/de\/imprint-and-legal-notice\/","title":{"rendered":"Impressum &amp; Rechtliche Hinweise"},"content":{"rendered":"<div data-elementor-type=\"wp-page\" data-elementor-id=\"928\" class=\"elementor elementor-928\" data-elementor-post-type=\"page\">\n\t\t\t\t\t\t<section class=\"elementor-section elementor-top-section elementor-element elementor-element-2ca020d elementor-section-boxed elementor-section-height-default elementor-section-height-default\" data-id=\"2ca020d\" data-element_type=\"section\">\n\t\t\t\t\t\t<div class=\"elementor-container elementor-column-gap-default\">\n\t\t\t\t\t<div class=\"elementor-column elementor-col-100 elementor-top-column elementor-element elementor-element-b9430c4\" data-id=\"b9430c4\" data-element_type=\"column\">\n\t\t\t<div class=\"elementor-widget-wrap elementor-element-populated\">\n\t\t\t\t\t\t<div class=\"elementor-element elementor-element-b8fa7c5 elementor-widget elementor-widget-text-editor\" data-id=\"b8fa7c5\" data-element_type=\"widget\" data-widget_type=\"text-editor.default\">\n\t\t\t\t<div class=\"elementor-widget-container\">\n\t\t\t\t\t\t\t\t\t<p><span style=\"color: #101017; font-family: Khula, serif; font-size: 39px;\">Impressum<\/span><\/p><p><strong>Verantwortlich f\u00fcr den Inhalt dieser Website:<\/strong><br \/>FIESTRAVGANZA ENSEMBLE<\/p><p>Gesetzlich vertreten durch (Angaben nach \u00a7 5 TMG):<\/p><p data-start=\"245\" data-end=\"348\"><strong data-start=\"245\" data-end=\"288\">Fiestravaganza gUG (haftungsbeschr\u00e4nkt)<\/strong><br data-start=\"288\" data-end=\"291\" \/>Wilhelm-Caspar-Wegely-Platz 4<br data-start=\"320\" data-end=\"323\" \/>D-10623 Berlin, Deutschland<\/p><p data-start=\"350\" data-end=\"410\"><strong data-start=\"350\" data-end=\"369\">Vertreten durch:<\/strong><br data-start=\"369\" data-end=\"372\" \/>Shaun Choo (CEO und k\u00fcnstlerischer Leiter)<\/p><p data-start=\"412\" data-end=\"491\"><strong data-start=\"412\" data-end=\"424\">Kontakt:<\/strong><br data-start=\"424\" data-end=\"427\" \/>E-Mail: info(@)fiestravaganza.com<br data-start=\"459\" data-end=\"462\" \/>Web: <a class=\"\" href=\"https:\/\/fiestravaganza.com\" target=\"_new\" rel=\"noopener\" data-start=\"467\" data-end=\"489\">www.fiestravaganza.com<\/a><\/p><p data-start=\"493\" data-end=\"639\"><strong data-start=\"493\" data-end=\"510\">Anmeldung:<\/strong><br data-start=\"510\" data-end=\"513\" \/>Eingetragen als gemeinn\u00fctziger Verein beim Amtsgericht Charlottenburg (Berlin)<br data-start=\"601\" data-end=\"604\" \/>Registernummer: HRB 271276 B<\/p><p data-start=\"641\" data-end=\"721\"><strong data-start=\"641\" data-end=\"659\">Steuerbeh\u00f6rde:<\/strong><br data-start=\"659\" data-end=\"662\" \/>Finanzamt f\u00fcr K\u00f6rperschaften I<br data-start=\"692\" data-end=\"695\" \/>Steuernummer: 27\/613\/07318<\/p><p data-start=\"723\" data-end=\"844\"><strong data-start=\"723\" data-end=\"740\">Bankverbindung:<\/strong><br data-start=\"740\" data-end=\"743\" \/>Empf\u00e4nger: Fiestravaganza gUG<br data-start=\"772\" data-end=\"775\" \/>Bank: Finom Payments<br data-start=\"795\" data-end=\"798\" \/>IBAN: DE92100180000267046765<br data-start=\"826\" data-end=\"829\" \/>BIC: FNOMDEB2<\/p><p><strong>Fotografie von:<\/strong><br \/>Anna Tena (<a href=\"https:\/\/www.annatena.com\/\">Website besuchen<\/a>)<\/p><p><span style=\"color: #101017; font-family: Khula, serif; font-size: 39px;\">Bedingungen und Konditionen<\/span><\/p><p>Bitte lesen Sie diese Bedingungen (\"Bedingungen\", \"Bedingungen\") sorgf\u00e4ltig durch, bevor Sie die <a href=\"https:\/\/www.fiestravaganza.com\">https:\/\/fiestravaganza-ensemble-gvc5guf2f4byb7b5.switzerlandnorth-01.azurewebsites.net<\/a> Website (der \"Dienst\"), betrieben von <strong>Fiesta-Vaganza<\/strong> (\"wir\", \"wir\" oder \"unser\").<\/p><p>Ihr Zugang zu und Ihre Nutzung des Dienstes setzt voraus, dass Sie die vorliegenden Bedingungen akzeptieren und einhalten. Diese Bedingungen gelten f\u00fcr alle Besucher, Nutzer und andere, die auf den Dienst zugreifen oder ihn nutzen m\u00f6chten.\u00a0<span style=\"color: var( --e-global-color-text ); font-family: var( --e-global-typography-text-font-family ), Sans-serif; font-weight: var( --e-global-typography-text-font-weight );\">Indem Sie auf den Dienst zugreifen oder ihn nutzen, erkl\u00e4ren Sie sich mit den vorliegenden Bedingungen einverstanden. Wenn Sie mit irgendeinem Teil der Bedingungen nicht einverstanden sind, haben Sie keine Erlaubnis, auf den Dienst zuzugreifen.<\/span><\/p><p><span style=\"font-weight: bold; color: var( --e-global-color-text ); font-family: var( --e-global-typography-text-font-family ), Sans-serif;\">Links zu anderen Websites<\/span><\/p><p><span style=\"color: var( --e-global-color-text ); font-family: var( --e-global-typography-text-font-family ), Sans-serif; font-weight: var( --e-global-typography-text-font-weight );\">Unser Service kann Links zu Webseiten oder Diensten von Dritten enthalten, die nicht im Besitz oder unter der Kontrolle von Fiestravaganza sind.<\/span><\/p><p>Fiestravaganza hat keine Kontrolle \u00fcber und \u00fcbernimmt keine Verantwortung f\u00fcr den Inhalt, die Datenschutzrichtlinien oder die Praktiken von Webseiten oder Diensten Dritter. Wir \u00fcbernehmen keine Garantie f\u00fcr die Angebote dieser Unternehmen\/Einzelpersonen oder deren Websites.<\/p><p>Sie erkennen an und stimmen zu, dass Fiestravaganza weder verantwortlich noch haftbar ist, weder direkt noch indirekt, f\u00fcr Sch\u00e4den oder Verluste, die durch oder in Verbindung mit der Nutzung von oder dem Vertrauen auf solche Inhalte, Waren oder Dienstleistungen, die auf oder durch solche Webseiten oder Dienstleistungen Dritter verf\u00fcgbar sind, verursacht wurden oder angeblich verursacht wurden.<\/p><p>Wir empfehlen Ihnen dringend, die Gesch\u00e4ftsbedingungen und Datenschutzrichtlinien der von Ihnen besuchten Websites oder Dienste Dritter zu lesen.<\/p><p><span style=\"font-weight: bold; color: var( --e-global-color-text ); font-family: var( --e-global-typography-text-font-family ), Sans-serif;\">Terminierung<\/span><\/p><p>Wir k\u00f6nnen Ihren Zugang zum Dienst sofort und ohne Vorank\u00fcndigung oder Haftung nach unserem alleinigen Ermessen beenden oder aussetzen, aus welchem Grund auch immer und ohne Einschr\u00e4nkung, einschlie\u00dflich, aber nicht beschr\u00e4nkt auf einen Versto\u00df gegen die Bedingungen.<\/p><p>Alle Bestimmungen der Bedingungen, die ihrer Natur nach die Beendigung \u00fcberdauern sollten, \u00fcberdauern die Beendigung, einschlie\u00dflich, aber nicht beschr\u00e4nkt auf Eigentumsbestimmungen, Gew\u00e4hrleistungsausschl\u00fcsse, Entsch\u00e4digungen und Haftungsbeschr\u00e4nkungen.<\/p><p><span style=\"font-weight: bold; color: var( --e-global-color-text ); font-family: var( --e-global-typography-text-font-family ), Sans-serif;\">Geltendes Recht<\/span><\/p><p>Diese Bedingungen unterliegen den Gesetzen von Singapur und sind entsprechend auszulegen, ungeachtet der Bestimmungen des Kollisionsrechts.<\/p><p><span style=\"color: var( --e-global-color-text ); font-family: var( --e-global-typography-text-font-family ), Sans-serif; font-weight: var( --e-global-typography-text-font-weight );\">Unser Vers\u00e4umnis, ein Recht oder eine Bestimmung dieser Bedingungen durchzusetzen, gilt nicht als Verzicht auf diese Rechte. Sollte eine Bestimmung dieser Bedingungen von einem Gericht f\u00fcr ung\u00fcltig oder nicht durchsetzbar erkl\u00e4rt werden, bleiben die \u00fcbrigen Bestimmungen dieser Bedingungen in Kraft. Diese Bedingungen stellen die gesamte Vereinbarung zwischen uns in Bezug auf unseren Service dar und ersetzen alle fr\u00fcheren Vereinbarungen, die wir m\u00f6glicherweise zwischen uns in Bezug auf den Service getroffen haben.<\/span><\/p><p><span style=\"color: var( --e-global-color-text ); font-family: var( --e-global-typography-text-font-family ), Sans-serif; font-weight: bold;\">\u00c4nderungen<\/span><\/p><p>Wir behalten uns das Recht vor, diese Bedingungen jederzeit nach eigenem Ermessen zu \u00e4ndern oder zu ersetzen. Wenn eine \u00c4nderung wesentlich ist, werden wir Sie mindestens 30 Tage vor Inkrafttreten der neuen Bedingungen informieren. Was eine wesentliche \u00c4nderung darstellt, wird nach unserem alleinigen Ermessen festgelegt.<\/p><p>Indem Sie nach Inkrafttreten von \u00c4nderungen weiterhin auf unseren Dienst zugreifen oder ihn nutzen, erkl\u00e4ren Sie sich mit den \u00fcberarbeiteten Bedingungen einverstanden. Wenn Sie den neuen Bedingungen nicht zustimmen, sind Sie nicht mehr berechtigt, den Dienst zu nutzen.<\/p><p><span style=\"font-weight: bold; color: var( --e-global-color-text ); font-family: var( --e-global-typography-text-font-family ), Sans-serif;\">Kontakt<\/span><\/p><p>Wenn Sie Fragen zu diesen Bedingungen haben, wenden Sie sich bitte an uns.<\/p><h3>Haftungsausschluss<\/h3><p>Die Informationen, die auf <a href=\"https:\/\/www.fiestravaganza.com\">https:\/\/fiestravaganza-ensemble-gvc5guf2f4byb7b5.switzerlandnorth-01.azurewebsites.net<\/a> Website (der \"Dienst\") dient nur zu allgemeinen Informationszwecken.<\/p><p>Fiestravaganza \u00fcbernimmt keine Verantwortung f\u00fcr Fehler oder Auslassungen in den Inhalten des Service.<\/p><p>In keinem Fall ist Fiestravaganza haftbar f\u00fcr besondere, direkte, indirekte oder zuf\u00e4llige Sch\u00e4den oder Sch\u00e4den jeglicher Art, sei es durch Vertrag, Fahrl\u00e4ssigkeit oder andere unerlaubte Handlungen, die aus oder in Verbindung mit der Nutzung des Service oder der Inhalte des Service entstehen. Fiestravaganza beh\u00e4lt sich das Recht vor, die Inhalte des Service jederzeit und ohne vorherige Ank\u00fcndigung zu erg\u00e4nzen, zu l\u00f6schen oder zu ver\u00e4ndern.<\/p><p>Fiestravaganza garantiert nicht, dass der Service frei von Viren oder anderen sch\u00e4dlichen Komponenten ist.<\/p><p><!-- \/wp:paragraph --><\/p>\t\t\t\t\t\t\t\t<\/div>\n\t\t\t\t<\/div>\n\t\t\t\t\t<\/div>\n\t\t<\/div>\n\t\t\t\t\t<\/div>\n\t\t<\/section>\n\t\t\t\t<\/div>","protected":false},"excerpt":{"rendered":"<p>Impressum Verantwortlich f\u00fcr den Inhalt dieser Website:Fiestravaganza Ensemble Gesetzlich vertreten durch (Angaben nach \u00a7 5 TMG): Fiestravaganza gUG (haftungsbeschr\u00e4nkt)Wilhelm-Caspar-Wegely-Platz 4D-10623 Berlin, Deutschland Vertreten durch:Shaun Choo (CEO &amp; K\u00fcnstlerischer Leiter) Kontakt:Email: info(@)fiestravaganza.comWeb: www.fiestravaganza.com Registrierung:Eingetragen als gemeinn\u00fctziger Verein beim Amtsgericht Charlottenburg (Berlin)Registernummer: HRB 271276 B Finanzamt f\u00fcr K\u00f6rperschaften ITax... <\/p>\n<p class=\"more\"><a class=\"more-link\" href=\"https:\/\/ensemble.fiestravaganza.com\/de\/imprint-and-legal-notice\/\">Mehr lesen<\/a><\/p>","protected":false},"author":1,"featured_media":873,"parent":0,"menu_order":0,"comment_status":"closed","ping_status":"closed","template":"","meta":{"inline_featured_image":false,"footnotes":""},"class_list":["post-928","page","type-page","status-publish","has-post-thumbnail","hentry"],"yoast_head":"<!-- This site is optimized with the Yoast SEO Premium plugin v25.0 (Yoast SEO v27.4) - https:\/\/yoast.com\/product\/yoast-seo-premium-wordpress\/ -->\n<title>Imprint &amp; Legal Notice - Fiestravaganza Ensemble<\/title>\n<meta name=\"robots\" content=\"index, follow, max-snippet:-1, max-image-preview:large, max-video-preview:-1\" \/>\n<link rel=\"canonical\" href=\"https:\/\/ensemble.fiestravaganza.com\/de\/imprint-and-legal-notice\/\" \/>\n<meta property=\"og:locale\" content=\"de_DE\" \/>\n<meta property=\"og:type\" content=\"article\" \/>\n<meta property=\"og:title\" content=\"Imprint &amp; Legal Notice\" \/>\n<meta property=\"og:description\" content=\"Imprint Responsible for the content of this website:Fiestravaganza Ensemble Legally represented by (information according to \u00a7 5 TMG): Fiestravaganza gUG (haftungsbeschr\u00e4nkt)Wilhelm-Caspar-Wegely-Platz 4D-10623 Berlin, Germany Represented by:Shaun Choo (CEO &amp; Artistic Director) Contact:Email: info(@)fiestravaganza.comWeb: www.fiestravaganza.com Registration:Registered as a non-profit organization at the District Court of Charlottenburg (Berlin)Registration number: HRB 271276 B Tax Authority:Finanzamt f\u00fcr K\u00f6rperschaften ITax... Read More\" \/>\n<meta property=\"og:url\" content=\"https:\/\/ensemble.fiestravaganza.com\/de\/imprint-and-legal-notice\/\" \/>\n<meta property=\"og:site_name\" content=\"Fiestravaganza Ensemble\" \/>\n<meta property=\"article:modified_time\" content=\"2025-06-12T17:00:08+00:00\" \/>\n<meta property=\"og:image\" content=\"https:\/\/ensemble.fiestravaganza.com\/wp-content\/uploads\/2025\/05\/Ensemble-Fiestravaganza-Featured-Image.jpeg\" \/>\n\t<meta property=\"og:image:width\" content=\"1920\" \/>\n\t<meta property=\"og:image:height\" content=\"1225\" \/>\n\t<meta property=\"og:image:type\" content=\"image\/jpeg\" \/>\n<meta name=\"twitter:card\" content=\"summary_large_image\" \/>\n<meta name=\"twitter:label1\" content=\"Est. reading time\" \/>\n\t<meta name=\"twitter:data1\" content=\"4 minutes\" \/>\n<script type=\"application\/ld+json\" class=\"yoast-schema-graph\">{\"@context\":\"https:\\\/\\\/schema.org\",\"@graph\":[{\"@type\":\"WebPage\",\"@id\":\"https:\\\/\\\/ensemble.fiestravaganza.com\\\/imprint-and-legal-notice\\\/\",\"url\":\"https:\\\/\\\/ensemble.fiestravaganza.com\\\/imprint-and-legal-notice\\\/\",\"name\":\"Imprint & Legal Notice - Fiestravaganza Ensemble\",\"isPartOf\":{\"@id\":\"https:\\\/\\\/ensemble.fiestravaganza.com\\\/#website\"},\"primaryImageOfPage\":{\"@id\":\"https:\\\/\\\/ensemble.fiestravaganza.com\\\/imprint-and-legal-notice\\\/#primaryimage\"},\"image\":{\"@id\":\"https:\\\/\\\/ensemble.fiestravaganza.com\\\/imprint-and-legal-notice\\\/#primaryimage\"},\"thumbnailUrl\":\"https:\\\/\\\/ensemble.fiestravaganza.com\\\/wp-content\\\/uploads\\\/2025\\\/05\\\/Ensemble-Fiestravaganza-Featured-Image.jpeg\",\"datePublished\":\"2025-05-22T12:07:48+00:00\",\"dateModified\":\"2025-06-12T17:00:08+00:00\",\"breadcrumb\":{\"@id\":\"https:\\\/\\\/ensemble.fiestravaganza.com\\\/imprint-and-legal-notice\\\/#breadcrumb\"},\"inLanguage\":\"de-DE\",\"potentialAction\":[{\"@type\":\"ReadAction\",\"target\":[\"https:\\\/\\\/ensemble.fiestravaganza.com\\\/imprint-and-legal-notice\\\/\"]}]},{\"@type\":\"ImageObject\",\"inLanguage\":\"de-DE\",\"@id\":\"https:\\\/\\\/ensemble.fiestravaganza.com\\\/imprint-and-legal-notice\\\/#primaryimage\",\"url\":\"https:\\\/\\\/ensemble.fiestravaganza.com\\\/wp-content\\\/uploads\\\/2025\\\/05\\\/Ensemble-Fiestravaganza-Featured-Image.jpeg\",\"contentUrl\":\"https:\\\/\\\/ensemble.fiestravaganza.com\\\/wp-content\\\/uploads\\\/2025\\\/05\\\/Ensemble-Fiestravaganza-Featured-Image.jpeg\",\"width\":1920,\"height\":1225},{\"@type\":\"BreadcrumbList\",\"@id\":\"https:\\\/\\\/ensemble.fiestravaganza.com\\\/imprint-and-legal-notice\\\/#breadcrumb\",\"itemListElement\":[{\"@type\":\"ListItem\",\"position\":1,\"name\":\"Home\",\"item\":\"https:\\\/\\\/ensemble.fiestravaganza.com\\\/de\\\/\"},{\"@type\":\"ListItem\",\"position\":2,\"name\":\"Imprint &#038; Legal Notice\"}]},{\"@type\":\"WebSite\",\"@id\":\"https:\\\/\\\/ensemble.fiestravaganza.com\\\/#website\",\"url\":\"https:\\\/\\\/ensemble.fiestravaganza.com\\\/\",\"name\":\"Fiestravaganza Ensemble\",\"description\":\"\",\"publisher\":{\"@id\":\"https:\\\/\\\/ensemble.fiestravaganza.com\\\/#organization\"},\"potentialAction\":[{\"@type\":\"SearchAction\",\"target\":{\"@type\":\"EntryPoint\",\"urlTemplate\":\"https:\\\/\\\/ensemble.fiestravaganza.com\\\/?s={search_term_string}\"},\"query-input\":{\"@type\":\"PropertyValueSpecification\",\"valueRequired\":true,\"valueName\":\"search_term_string\"}}],\"inLanguage\":\"de-DE\"},{\"@type\":\"Organization\",\"@id\":\"https:\\\/\\\/ensemble.fiestravaganza.com\\\/#organization\",\"name\":\"Fiestravaganza Ensemble\",\"url\":\"https:\\\/\\\/ensemble.fiestravaganza.com\\\/\",\"logo\":{\"@type\":\"ImageObject\",\"inLanguage\":\"de-DE\",\"@id\":\"https:\\\/\\\/ensemble.fiestravaganza.com\\\/#\\\/schema\\\/logo\\\/image\\\/\",\"url\":\"https:\\\/\\\/ensemble.fiestravaganza.com\\\/wp-content\\\/uploads\\\/2025\\\/05\\\/ensemble_favicon.svg\",\"contentUrl\":\"https:\\\/\\\/ensemble.fiestravaganza.com\\\/wp-content\\\/uploads\\\/2025\\\/05\\\/ensemble_favicon.svg\",\"width\":300,\"height\":300,\"caption\":\"Fiestravaganza Ensemble\"},\"image\":{\"@id\":\"https:\\\/\\\/ensemble.fiestravaganza.com\\\/#\\\/schema\\\/logo\\\/image\\\/\"}}]}<\/script>\n<!-- \/ Yoast SEO Premium plugin. -->","yoast_head_json":{"title":"Imprint & Legal Notice - Fiestravaganza Ensemble","robots":{"index":"index","follow":"follow","max-snippet":"max-snippet:-1","max-image-preview":"max-image-preview:large","max-video-preview":"max-video-preview:-1"},"canonical":"https:\/\/ensemble.fiestravaganza.com\/de\/imprint-and-legal-notice\/","og_locale":"de_DE","og_type":"article","og_title":"Imprint & Legal Notice","og_description":"Imprint Responsible for the content of this website:Fiestravaganza Ensemble Legally represented by (information according to \u00a7 5 TMG): Fiestravaganza gUG (haftungsbeschr\u00e4nkt)Wilhelm-Caspar-Wegely-Platz 4D-10623 Berlin, Germany Represented by:Shaun Choo (CEO &amp; Artistic Director) Contact:Email: info(@)fiestravaganza.comWeb: www.fiestravaganza.com Registration:Registered as a non-profit organization at the District Court of Charlottenburg (Berlin)Registration number: HRB 271276 B Tax Authority:Finanzamt f\u00fcr K\u00f6rperschaften ITax... Read More","og_url":"https:\/\/ensemble.fiestravaganza.com\/de\/imprint-and-legal-notice\/","og_site_name":"Fiestravaganza Ensemble","article_modified_time":"2025-06-12T17:00:08+00:00","og_image":[{"width":1920,"height":1225,"url":"https:\/\/ensemble.fiestravaganza.com\/wp-content\/uploads\/2025\/05\/Ensemble-Fiestravaganza-Featured-Image.jpeg","type":"image\/jpeg"}],"twitter_card":"summary_large_image","twitter_misc":{"Est. reading time":"4 minutes"},"schema":{"@context":"https:\/\/schema.org","@graph":[{"@type":"WebPage","@id":"https:\/\/ensemble.fiestravaganza.com\/imprint-and-legal-notice\/","url":"https:\/\/ensemble.fiestravaganza.com\/imprint-and-legal-notice\/","name":"Imprint & Legal Notice - Fiestravaganza Ensemble","isPartOf":{"@id":"https:\/\/ensemble.fiestravaganza.com\/#website"},"primaryImageOfPage":{"@id":"https:\/\/ensemble.fiestravaganza.com\/imprint-and-legal-notice\/#primaryimage"},"image":{"@id":"https:\/\/ensemble.fiestravaganza.com\/imprint-and-legal-notice\/#primaryimage"},"thumbnailUrl":"https:\/\/ensemble.fiestravaganza.com\/wp-content\/uploads\/2025\/05\/Ensemble-Fiestravaganza-Featured-Image.jpeg","datePublished":"2025-05-22T12:07:48+00:00","dateModified":"2025-06-12T17:00:08+00:00","breadcrumb":{"@id":"https:\/\/ensemble.fiestravaganza.com\/imprint-and-legal-notice\/#breadcrumb"},"inLanguage":"de-DE","potentialAction":[{"@type":"ReadAction","target":["https:\/\/ensemble.fiestravaganza.com\/imprint-and-legal-notice\/"]}]},{"@type":"ImageObject","inLanguage":"de-DE","@id":"https:\/\/ensemble.fiestravaganza.com\/imprint-and-legal-notice\/#primaryimage","url":"https:\/\/ensemble.fiestravaganza.com\/wp-content\/uploads\/2025\/05\/Ensemble-Fiestravaganza-Featured-Image.jpeg","contentUrl":"https:\/\/ensemble.fiestravaganza.com\/wp-content\/uploads\/2025\/05\/Ensemble-Fiestravaganza-Featured-Image.jpeg","width":1920,"height":1225},{"@type":"BreadcrumbList","@id":"https:\/\/ensemble.fiestravaganza.com\/imprint-and-legal-notice\/#breadcrumb","itemListElement":[{"@type":"ListItem","position":1,"name":"Home","item":"https:\/\/ensemble.fiestravaganza.com\/de\/"},{"@type":"ListItem","position":2,"name":"Imprint &#038; Legal Notice"}]},{"@type":"WebSite","@id":"https:\/\/ensemble.fiestravaganza.com\/#website","url":"https:\/\/ensemble.fiestravaganza.com\/","name":"FIESTRAVGANZA ENSEMBLE","description":"","publisher":{"@id":"https:\/\/ensemble.fiestravaganza.com\/#organization"},"potentialAction":[{"@type":"SearchAction","target":{"@type":"EntryPoint","urlTemplate":"https:\/\/ensemble.fiestravaganza.com\/?s={search_term_string}"},"query-input":{"@type":"PropertyValueSpecification","valueRequired":true,"valueName":"search_term_string"}}],"inLanguage":"de-DE"},{"@type":"Organization","@id":"https:\/\/ensemble.fiestravaganza.com\/#organization","name":"FIESTRAVGANZA ENSEMBLE","url":"https:\/\/ensemble.fiestravaganza.com\/","logo":{"@type":"ImageObject","inLanguage":"de-DE","@id":"https:\/\/ensemble.fiestravaganza.com\/#\/schema\/logo\/image\/","url":"https:\/\/ensemble.fiestravaganza.com\/wp-content\/uploads\/2025\/05\/ensemble_favicon.svg","contentUrl":"https:\/\/ensemble.fiestravaganza.com\/wp-content\/uploads\/2025\/05\/ensemble_favicon.svg","width":300,"height":300,"caption":"Fiestravaganza Ensemble"},"image":{"@id":"https:\/\/ensemble.fiestravaganza.com\/#\/schema\/logo\/image\/"}}]}},"_links":{"self":[{"href":"https:\/\/ensemble.fiestravaganza.com\/de\/wp-json\/wp\/v2\/pages\/928","targetHints":{"allow":["GET"]}}],"collection":[{"href":"https:\/\/ensemble.fiestravaganza.com\/de\/wp-json\/wp\/v2\/pages"}],"about":[{"href":"https:\/\/ensemble.fiestravaganza.com\/de\/wp-json\/wp\/v2\/types\/page"}],"author":[{"embeddable":true,"href":"https:\/\/ensemble.fiestravaganza.com\/de\/wp-json\/wp\/v2\/users\/1"}],"replies":[{"embeddable":true,"href":"https:\/\/ensemble.fiestravaganza.com\/de\/wp-json\/wp\/v2\/comments?post=928"}],"version-history":[{"count":16,"href":"https:\/\/ensemble.fiestravaganza.com\/de\/wp-json\/wp\/v2\/pages\/928\/revisions"}],"predecessor-version":[{"id":947,"href":"https:\/\/ensemble.fiestravaganza.com\/de\/wp-json\/wp\/v2\/pages\/928\/revisions\/947"}],"wp:featuredmedia":[{"embeddable":true,"href":"https:\/\/ensemble.fiestravaganza.com\/de\/wp-json\/wp\/v2\/media\/873"}],"wp:attachment":[{"href":"https:\/\/ensemble.fiestravaganza.com\/de\/wp-json\/wp\/v2\/media?parent=928"}],"curies":[{"name":"wp","href":"https:\/\/api.w.org\/{rel}","templated":true}]}}