{"id":19,"date":"2019-08-29T16:30:42","date_gmt":"2019-08-29T16:30:42","guid":{"rendered":"https:\/\/themes.pixelwars.org\/ikonik\/demo-01\/?page_id=19"},"modified":"2025-05-20T14:12:28","modified_gmt":"2025-05-20T12:12:28","slug":"about-us","status":"publish","type":"page","link":"https:\/\/ensemble.fiestravaganza.com\/de\/about-us\/","title":{"rendered":"\u00dcber uns"},"content":{"rendered":"<div data-elementor-type=\"wp-page\" data-elementor-id=\"19\" class=\"elementor elementor-19\" data-elementor-post-type=\"page\">\n\t\t\t\t\t\t<section class=\"elementor-section elementor-top-section elementor-element elementor-element-62a54e65 elementor-section-boxed elementor-section-height-default elementor-section-height-default\" data-id=\"62a54e65\" data-element_type=\"section\">\n\t\t\t\t\t\t<div class=\"elementor-container elementor-column-gap-default\">\n\t\t\t\t\t<div class=\"elementor-column elementor-col-100 elementor-top-column elementor-element elementor-element-72fbc3e1\" data-id=\"72fbc3e1\" data-element_type=\"column\">\n\t\t\t<div class=\"elementor-widget-wrap elementor-element-populated\">\n\t\t\t\t\t\t<div class=\"elementor-element elementor-element-60c78ce elementor-widget elementor-widget-wp-widget-pixelwars_core_widget__section_title\" data-id=\"60c78ce\" data-element_type=\"widget\" data-widget_type=\"wp-widget-pixelwars_core_widget__section_title.default\">\n\t\t\t\t<div class=\"elementor-widget-container\">\n\t\t\t\t\t\t\t\t\t\t\t<div class=\"section-title center\">    \n\t\t\t\t\t\t\t<h2>\n\t\t\t\t\t\t\t\t<i>K\u00fcnstlerprofil<\/i>\n\t\t\t\t\t\t\t<\/h2>\n\t\t\t\t\t\t<\/div> <!-- .section-title -->\n\t\t\t\t\t\t\t\t\t<\/div>\n\t\t\t\t<\/div>\n\t\t\t\t<div class=\"elementor-element elementor-element-c33d306 elementor-widget elementor-widget-text-editor\" data-id=\"c33d306\" data-element_type=\"widget\" data-widget_type=\"text-editor.default\">\n\t\t\t\t<div class=\"elementor-widget-container\">\n\t\t\t\t\t\t\t\t\t<p>Das Fiestravaganza Ensemble, ein in Berlin ans\u00e4ssiges Klavierquartett, vereint vier Musiker:innen, die f\u00fcr ihre Leidenschaft und Kreativit\u00e4t in der Kammermusikszene gesch\u00e4tzt werden: den Pianisten Shaun Choo, die Geigerin Aoi Saito, die Bratschistin Karolina Pawul und die Cellistin Oliwia Meiser. Der originelle Name des Ensembles, \u201eFiestravaganza\u201c, setzt sich aus den spanischen Begriffen Fiesta (Fest) und Extravaganza (extravagant) zusammen. Dabei ist der Name mehr als ein Wortspiel; er verweist auf das energiegeladene, k\u00fcnstlerische Konzept, das das Quartett pr\u00e4gt. Urspr\u00fcnglich entstand der Name als Titel eines vierh\u00e4ndigen Klavierst\u00fccks von Shaun Choo, das sp\u00e4ter f\u00fcr das Quartett arrangiert wurde. Dieses besondere Werk f\u00e4ngt die lebhafte Atmosph\u00e4re und die positive Energie einer spektakul\u00e4ren Feier ein und verk\u00f6rpert die musikalische Philosophie des Ensembles.<\/p><p>Alle Mitglieder des Ensembles haben einen akademischen Hintergrund an der UdK Berlin, wo sie erstmals aufeinander trafen. Die Zusammenarbeit begann im Orchester der \u201eFiestravaganza International Music Academy\u201c (FIMA), wo enge pers\u00f6nliche und professionelle Bindungen zwischen den Ensemblemitgliedern entstanden, die sie dazu inspirierten, ihre musikalische Reise als Gruppe fortzusetzen. Sp\u00e4ter wurden sie in den Masterstudiengang f\u00fcr Kammermusik an der UdK Berlin aufgenommen, wo sie derzeit von Mitgliedern des Artemis- und des Faure-Quartetts ausgebildet werden.<\/p>\t\t\t\t\t\t\t\t<\/div>\n\t\t\t\t<\/div>\n\t\t\t\t<div class=\"elementor-element elementor-element-f781e42 elementor-widget elementor-widget-wp-widget-pixelwars_core_widget__section_title\" data-id=\"f781e42\" data-element_type=\"widget\" data-widget_type=\"wp-widget-pixelwars_core_widget__section_title.default\">\n\t\t\t\t<div class=\"elementor-widget-container\">\n\t\t\t\t\t\t\t\t\t\t\t<div class=\"section-title center\">    \n\t\t\t\t\t\t\t<h2>\n\t\t\t\t\t\t\t\t<i>Musikalische Vision<\/i>\n\t\t\t\t\t\t\t<\/h2>\n\t\t\t\t\t\t<\/div> <!-- .section-title -->\n\t\t\t\t\t\t\t\t\t<\/div>\n\t\t\t\t<\/div>\n\t\t\t\t<div class=\"elementor-element elementor-element-e33fe57 elementor-widget elementor-widget-text-editor\" data-id=\"e33fe57\" data-element_type=\"widget\" data-widget_type=\"text-editor.default\">\n\t\t\t\t<div class=\"elementor-widget-container\">\n\t\t\t\t\t\t\t\t\t<p>Seit ihrem Deb\u00fct in der vergangenen Spielzeit verfolgt das Ensemble das Ziel, dem Klavierquartett-Repertoire eine frische, moderne Perspektive zu verleihen. Gepr\u00e4gt durch die dynamischen Pers\u00f6nlichkeiten und die reiche musikalische Erfahrung seiner Mitglieder tr\u00e4gt das Ensemble die Kammermusik mit Begeisterung und Leidenschaft vor und schenkt dem Publikum dabei ein einzigartiges Musikerlebnis.<\/p><p>Das Fiestravaganza Ensemble hat sich rasch einen Namen als eine der aufregendsten aufstrebenden Gruppen gemacht. Bereits wurde es zu renommierten Veranstaltungen wie den Langenargener Schlosskonzerten und der Langen Nacht der Musik Lindau eingeladen. In der Saison 2024\/2025 treten sie als G\u00e4ste bei der Abschlussgala des International Youth Festival 2025 in der Berliner Philharmonie auf \u2013 eine prestigetr\u00e4chtige Plattform zur F\u00f6rderung kulturellen Austauschs und junger Talente verschiedener Disziplinen. 2025 werden die Ensemblemitglieder zudem als Mentoren an der FIMA t\u00e4tig sein, wo sie jungen K\u00fcnstler:innen in ihren jeweiligen Fachgebieten eine Masterclass geben. Als besonderes Highlight wird das Ensemble im Hauptkonzert des Festivals auftreten.<\/p><p>Neben ihrer musikalischen Expertise und Vielfalt \u2013 als Solist:innen, Kammermusiker:innen und Mitglieder renommierter deutscher Orchester \u2013 bringt das Ensemble ein beeindruckendes Portfolio an externen k\u00fcnstlerischen Aktivit\u00e4ten mit. Die gemeinsame Erfahrung als k\u00fcnstlerische Leiter:innen, Projektmanager:innen und Mitglieder verschiedener Musikverb\u00e4nde hat dem Ensemble eine besondere Perspektive und ein tiefes Verst\u00e4ndnis f\u00fcr das heutige Publikum gegeben. Daraus erwuchs der Anspruch, mit jeder Auff\u00fchrung h\u00f6chste musikalische Qualit\u00e4t und die Neuheit eines unentdeckten Repertoires zu bieten. Die Qualit\u00e4t entspringt ihrer absoluten Hingabe an den musikalischen Kern jeder Komposition, die Repertoire-Neuheit ihrem Drang, stets Neues zu erkunden.<\/p>\t\t\t\t\t\t\t\t<\/div>\n\t\t\t\t<\/div>\n\t\t\t\t<div class=\"elementor-element elementor-element-cacab42 elementor-widget elementor-widget-spacer\" data-id=\"cacab42\" data-element_type=\"widget\" data-widget_type=\"spacer.default\">\n\t\t\t\t<div class=\"elementor-widget-container\">\n\t\t\t\t\t\t\t<div class=\"elementor-spacer\">\n\t\t\t<div class=\"elementor-spacer-inner\"><\/div>\n\t\t<\/div>\n\t\t\t\t\t\t<\/div>\n\t\t\t\t<\/div>\n\t\t\t\t\t<\/div>\n\t\t<\/div>\n\t\t\t\t\t<\/div>\n\t\t<\/section>\n\t\t\t\t<section class=\"elementor-section elementor-top-section elementor-element elementor-element-03fb335 elementor-section-boxed elementor-section-height-default elementor-section-height-default\" data-id=\"03fb335\" data-element_type=\"section\" data-settings=\"{&quot;background_background&quot;:&quot;classic&quot;}\">\n\t\t\t\t\t\t<div class=\"elementor-container elementor-column-gap-wide\">\n\t\t\t\t\t<div class=\"elementor-column elementor-col-50 elementor-top-column elementor-element elementor-element-ad0d703\" data-id=\"ad0d703\" data-element_type=\"column\">\n\t\t\t<div class=\"elementor-widget-wrap elementor-element-populated\">\n\t\t\t\t\t\t<div class=\"elementor-element elementor-element-160765f elementor-widget elementor-widget-image\" data-id=\"160765f\" data-element_type=\"widget\" data-widget_type=\"image.default\">\n\t\t\t\t<div class=\"elementor-widget-container\">\n\t\t\t\t\t\t\t\t\t\t\t\t\t\t\t<img fetchpriority=\"high\" decoding=\"async\" width=\"1000\" height=\"1500\" src=\"https:\/\/ensemble.fiestravaganza.com\/wp-content\/uploads\/2025\/05\/Fiestravaganza-\u00a9-Anna-Tena-19-1000x1500.webp\" class=\"attachment-ikonik_image_size_1 size-ikonik_image_size_1 wp-image-375\" alt=\"\" srcset=\"https:\/\/ensemble.fiestravaganza.com\/wp-content\/uploads\/2025\/05\/Fiestravaganza-\u00a9-Anna-Tena-19-1000x1500.webp 1000w, https:\/\/ensemble.fiestravaganza.com\/wp-content\/uploads\/2025\/05\/Fiestravaganza-\u00a9-Anna-Tena-19-333x500.webp 333w, https:\/\/ensemble.fiestravaganza.com\/wp-content\/uploads\/2025\/05\/Fiestravaganza-\u00a9-Anna-Tena-19-scaled.webp 960w, https:\/\/ensemble.fiestravaganza.com\/wp-content\/uploads\/2025\/05\/Fiestravaganza-\u00a9-Anna-Tena-19-133x200.webp 133w, https:\/\/ensemble.fiestravaganza.com\/wp-content\/uploads\/2025\/05\/Fiestravaganza-\u00a9-Anna-Tena-19-1365x2048.webp 1365w, https:\/\/ensemble.fiestravaganza.com\/wp-content\/uploads\/2025\/05\/Fiestravaganza-\u00a9-Anna-Tena-19-768x1152.webp 768w, https:\/\/ensemble.fiestravaganza.com\/wp-content\/uploads\/2025\/05\/Fiestravaganza-\u00a9-Anna-Tena-19-1024x1536.webp 1024w, https:\/\/ensemble.fiestravaganza.com\/wp-content\/uploads\/2025\/05\/Fiestravaganza-\u00a9-Anna-Tena-19-550x825.webp 550w, https:\/\/ensemble.fiestravaganza.com\/wp-content\/uploads\/2025\/05\/Fiestravaganza-\u00a9-Anna-Tena-19-150x225.webp 150w, https:\/\/ensemble.fiestravaganza.com\/wp-content\/uploads\/2025\/05\/Fiestravaganza-\u00a9-Anna-Tena-19-1920x2880.webp 1920w, https:\/\/ensemble.fiestravaganza.com\/wp-content\/uploads\/2025\/05\/Fiestravaganza-\u00a9-Anna-Tena-19-720x1080.webp 720w, https:\/\/ensemble.fiestravaganza.com\/wp-content\/uploads\/2025\/05\/Fiestravaganza-\u00a9-Anna-Tena-19-8x12.webp 8w\" sizes=\"(max-width: 1000px) 100vw, 1000px\" \/>\t\t\t\t\t\t\t\t\t\t\t\t\t\t\t<\/div>\n\t\t\t\t<\/div>\n\t\t\t\t\t<\/div>\n\t\t<\/div>\n\t\t\t\t<div class=\"elementor-column elementor-col-50 elementor-top-column elementor-element elementor-element-45be004\" data-id=\"45be004\" data-element_type=\"column\">\n\t\t\t<div class=\"elementor-widget-wrap elementor-element-populated\">\n\t\t\t\t\t\t<div class=\"elementor-element elementor-element-a1c70e1 elementor-widget elementor-widget-heading\" data-id=\"a1c70e1\" data-element_type=\"widget\" data-widget_type=\"heading.default\">\n\t\t\t\t<div class=\"elementor-widget-container\">\n\t\t\t\t\t<h2 class=\"elementor-heading-title elementor-size-default\">Das Ensemble m\u00f6chte ein breites Publikum durch die Pr\u00e4sentation vielseitiger Programme in einem innovativen Rahmen erreichen. Durch die Kombination von St\u00fccken aus dem klassischen Klavierquartett-Repertoire mit alternativen Kompositionen \u2013 darunter auch Werke eigener Ensemblemitglieder \u2013 ist das Ensemble nicht nur eine B\u00fchne f\u00fcr kreative Ausdruckskraft, sondern auch ein Experimentierfeld, in dem k\u00fcnstlerische Risiken bewusst eingegangen werden, um neue Klangwelten zu erschaffen.<\/h2>\t\t\t\t<\/div>\n\t\t\t\t<\/div>\n\t\t\t\t\t<\/div>\n\t\t<\/div>\n\t\t\t\t\t<\/div>\n\t\t<\/section>\n\t\t\t\t<\/div>","protected":false},"excerpt":{"rendered":"<p>Das Fiestravaganza Ensemble, ein in Berlin ans\u00e4ssiges Klavierquartett, vereint vier Musiker, die in der Kammermusikszene f\u00fcr ihre Leidenschaft und Kreativit\u00e4t bekannt sind: den Pianisten Shaun Choo, die Violinistin Aoi Saito, die Bratschistin Karolina Pawul und die Cellistin Oliwia Meiser. Der urspr\u00fcngliche Name des Ensembles, Fiestravaganza, ist eine Verschmelzung der spanischen W\u00f6rter Fiesta (Feier) und Extravaganza (extravagant). Aber... <\/p>\n<p class=\"more\"><a class=\"more-link\" href=\"https:\/\/ensemble.fiestravaganza.com\/de\/about-us\/\">Mehr lesen<\/a><\/p>","protected":false},"author":1,"featured_media":873,"parent":0,"menu_order":0,"comment_status":"closed","ping_status":"closed","template":"","meta":{"inline_featured_image":false,"footnotes":""},"class_list":["post-19","page","type-page","status-publish","has-post-thumbnail","hentry"],"yoast_head":"<!-- This site is optimized with the Yoast SEO Premium plugin v25.0 (Yoast SEO v27.5) - https:\/\/yoast.com\/product\/yoast-seo-premium-wordpress\/ -->\n<title>About Us - Fiestravaganza Ensemble<\/title>\n<meta name=\"robots\" content=\"index, follow, max-snippet:-1, max-image-preview:large, max-video-preview:-1\" \/>\n<link rel=\"canonical\" href=\"https:\/\/ensemble.fiestravaganza.com\/de\/about-us\/\" \/>\n<meta property=\"og:locale\" content=\"de_DE\" \/>\n<meta property=\"og:type\" content=\"article\" \/>\n<meta property=\"og:title\" content=\"About Us\" \/>\n<meta property=\"og:description\" content=\"The Fiestravaganza Ensemble, a Berlin-based piano quartet, brings together four musicians who are celebrated for their passion and creativity in the chamber music scene: pianist Shaun Choo, violinist Aoi Saito, violist Karolina Pawul, and cellist Oliwia Meiser. The ensemble\u2019s original name, Fiestravaganza, is a fusion of the Spanish words Fiesta (celebration) and Extravaganza (extravagant). But... Read More\" \/>\n<meta property=\"og:url\" content=\"https:\/\/ensemble.fiestravaganza.com\/de\/about-us\/\" \/>\n<meta property=\"og:site_name\" content=\"Fiestravaganza Ensemble\" \/>\n<meta property=\"article:modified_time\" content=\"2025-05-20T12:12:28+00:00\" \/>\n<meta property=\"og:image\" content=\"https:\/\/ensemble.fiestravaganza.com\/wp-content\/uploads\/2025\/05\/Ensemble-Fiestravaganza-Featured-Image.jpeg\" \/>\n\t<meta property=\"og:image:width\" content=\"1920\" \/>\n\t<meta property=\"og:image:height\" content=\"1225\" \/>\n\t<meta property=\"og:image:type\" content=\"image\/jpeg\" \/>\n<meta name=\"twitter:card\" content=\"summary_large_image\" \/>\n<meta name=\"twitter:label1\" content=\"Est. reading time\" \/>\n\t<meta name=\"twitter:data1\" content=\"3 minutes\" \/>\n<script type=\"application\/ld+json\" class=\"yoast-schema-graph\">{\"@context\":\"https:\\\/\\\/schema.org\",\"@graph\":[{\"@type\":\"WebPage\",\"@id\":\"https:\\\/\\\/ensemble.fiestravaganza.com\\\/about-us\\\/\",\"url\":\"https:\\\/\\\/ensemble.fiestravaganza.com\\\/about-us\\\/\",\"name\":\"About Us - Fiestravaganza Ensemble\",\"isPartOf\":{\"@id\":\"https:\\\/\\\/ensemble.fiestravaganza.com\\\/#website\"},\"primaryImageOfPage\":{\"@id\":\"https:\\\/\\\/ensemble.fiestravaganza.com\\\/about-us\\\/#primaryimage\"},\"image\":{\"@id\":\"https:\\\/\\\/ensemble.fiestravaganza.com\\\/about-us\\\/#primaryimage\"},\"thumbnailUrl\":\"https:\\\/\\\/ensemble.fiestravaganza.com\\\/wp-content\\\/uploads\\\/2025\\\/05\\\/Ensemble-Fiestravaganza-Featured-Image.jpeg\",\"datePublished\":\"2019-08-29T16:30:42+00:00\",\"dateModified\":\"2025-05-20T12:12:28+00:00\",\"breadcrumb\":{\"@id\":\"https:\\\/\\\/ensemble.fiestravaganza.com\\\/about-us\\\/#breadcrumb\"},\"inLanguage\":\"de-DE\",\"potentialAction\":[{\"@type\":\"ReadAction\",\"target\":[\"https:\\\/\\\/ensemble.fiestravaganza.com\\\/about-us\\\/\"]}]},{\"@type\":\"ImageObject\",\"inLanguage\":\"de-DE\",\"@id\":\"https:\\\/\\\/ensemble.fiestravaganza.com\\\/about-us\\\/#primaryimage\",\"url\":\"https:\\\/\\\/ensemble.fiestravaganza.com\\\/wp-content\\\/uploads\\\/2025\\\/05\\\/Ensemble-Fiestravaganza-Featured-Image.jpeg\",\"contentUrl\":\"https:\\\/\\\/ensemble.fiestravaganza.com\\\/wp-content\\\/uploads\\\/2025\\\/05\\\/Ensemble-Fiestravaganza-Featured-Image.jpeg\",\"width\":1920,\"height\":1225},{\"@type\":\"BreadcrumbList\",\"@id\":\"https:\\\/\\\/ensemble.fiestravaganza.com\\\/about-us\\\/#breadcrumb\",\"itemListElement\":[{\"@type\":\"ListItem\",\"position\":1,\"name\":\"Home\",\"item\":\"https:\\\/\\\/ensemble.fiestravaganza.com\\\/de\\\/\"},{\"@type\":\"ListItem\",\"position\":2,\"name\":\"About Us\"}]},{\"@type\":\"WebSite\",\"@id\":\"https:\\\/\\\/ensemble.fiestravaganza.com\\\/#website\",\"url\":\"https:\\\/\\\/ensemble.fiestravaganza.com\\\/\",\"name\":\"Fiestravaganza Ensemble\",\"description\":\"\",\"publisher\":{\"@id\":\"https:\\\/\\\/ensemble.fiestravaganza.com\\\/#organization\"},\"potentialAction\":[{\"@type\":\"SearchAction\",\"target\":{\"@type\":\"EntryPoint\",\"urlTemplate\":\"https:\\\/\\\/ensemble.fiestravaganza.com\\\/?s={search_term_string}\"},\"query-input\":{\"@type\":\"PropertyValueSpecification\",\"valueRequired\":true,\"valueName\":\"search_term_string\"}}],\"inLanguage\":\"de-DE\"},{\"@type\":\"Organization\",\"@id\":\"https:\\\/\\\/ensemble.fiestravaganza.com\\\/#organization\",\"name\":\"Fiestravaganza Ensemble\",\"url\":\"https:\\\/\\\/ensemble.fiestravaganza.com\\\/\",\"logo\":{\"@type\":\"ImageObject\",\"inLanguage\":\"de-DE\",\"@id\":\"https:\\\/\\\/ensemble.fiestravaganza.com\\\/#\\\/schema\\\/logo\\\/image\\\/\",\"url\":\"https:\\\/\\\/ensemble.fiestravaganza.com\\\/wp-content\\\/uploads\\\/2025\\\/05\\\/ensemble_favicon.svg\",\"contentUrl\":\"https:\\\/\\\/ensemble.fiestravaganza.com\\\/wp-content\\\/uploads\\\/2025\\\/05\\\/ensemble_favicon.svg\",\"width\":300,\"height\":300,\"caption\":\"Fiestravaganza Ensemble\"},\"image\":{\"@id\":\"https:\\\/\\\/ensemble.fiestravaganza.com\\\/#\\\/schema\\\/logo\\\/image\\\/\"}}]}<\/script>\n<!-- \/ Yoast SEO Premium plugin. -->","yoast_head_json":{"title":"\u00dcber uns - Fiestravaganza Ensemble","robots":{"index":"index","follow":"follow","max-snippet":"max-snippet:-1","max-image-preview":"max-image-preview:large","max-video-preview":"max-video-preview:-1"},"canonical":"https:\/\/ensemble.fiestravaganza.com\/de\/about-us\/","og_locale":"de_DE","og_type":"article","og_title":"About Us","og_description":"The Fiestravaganza Ensemble, a Berlin-based piano quartet, brings together four musicians who are celebrated for their passion and creativity in the chamber music scene: pianist Shaun Choo, violinist Aoi Saito, violist Karolina Pawul, and cellist Oliwia Meiser. The ensemble\u2019s original name, Fiestravaganza, is a fusion of the Spanish words Fiesta (celebration) and Extravaganza (extravagant). But... Read More","og_url":"https:\/\/ensemble.fiestravaganza.com\/de\/about-us\/","og_site_name":"Fiestravaganza Ensemble","article_modified_time":"2025-05-20T12:12:28+00:00","og_image":[{"width":1920,"height":1225,"url":"https:\/\/ensemble.fiestravaganza.com\/wp-content\/uploads\/2025\/05\/Ensemble-Fiestravaganza-Featured-Image.jpeg","type":"image\/jpeg"}],"twitter_card":"summary_large_image","twitter_misc":{"Est. reading time":"3 minutes"},"schema":{"@context":"https:\/\/schema.org","@graph":[{"@type":"WebPage","@id":"https:\/\/ensemble.fiestravaganza.com\/about-us\/","url":"https:\/\/ensemble.fiestravaganza.com\/about-us\/","name":"\u00dcber uns - Fiestravaganza Ensemble","isPartOf":{"@id":"https:\/\/ensemble.fiestravaganza.com\/#website"},"primaryImageOfPage":{"@id":"https:\/\/ensemble.fiestravaganza.com\/about-us\/#primaryimage"},"image":{"@id":"https:\/\/ensemble.fiestravaganza.com\/about-us\/#primaryimage"},"thumbnailUrl":"https:\/\/ensemble.fiestravaganza.com\/wp-content\/uploads\/2025\/05\/Ensemble-Fiestravaganza-Featured-Image.jpeg","datePublished":"2019-08-29T16:30:42+00:00","dateModified":"2025-05-20T12:12:28+00:00","breadcrumb":{"@id":"https:\/\/ensemble.fiestravaganza.com\/about-us\/#breadcrumb"},"inLanguage":"de-DE","potentialAction":[{"@type":"ReadAction","target":["https:\/\/ensemble.fiestravaganza.com\/about-us\/"]}]},{"@type":"ImageObject","inLanguage":"de-DE","@id":"https:\/\/ensemble.fiestravaganza.com\/about-us\/#primaryimage","url":"https:\/\/ensemble.fiestravaganza.com\/wp-content\/uploads\/2025\/05\/Ensemble-Fiestravaganza-Featured-Image.jpeg","contentUrl":"https:\/\/ensemble.fiestravaganza.com\/wp-content\/uploads\/2025\/05\/Ensemble-Fiestravaganza-Featured-Image.jpeg","width":1920,"height":1225},{"@type":"BreadcrumbList","@id":"https:\/\/ensemble.fiestravaganza.com\/about-us\/#breadcrumb","itemListElement":[{"@type":"ListItem","position":1,"name":"Home","item":"https:\/\/ensemble.fiestravaganza.com\/de\/"},{"@type":"ListItem","position":2,"name":"About Us"}]},{"@type":"WebSite","@id":"https:\/\/ensemble.fiestravaganza.com\/#website","url":"https:\/\/ensemble.fiestravaganza.com\/","name":"FIESTRAVGANZA ENSEMBLE","description":"","publisher":{"@id":"https:\/\/ensemble.fiestravaganza.com\/#organization"},"potentialAction":[{"@type":"SearchAction","target":{"@type":"EntryPoint","urlTemplate":"https:\/\/ensemble.fiestravaganza.com\/?s={search_term_string}"},"query-input":{"@type":"PropertyValueSpecification","valueRequired":true,"valueName":"search_term_string"}}],"inLanguage":"de-DE"},{"@type":"Organization","@id":"https:\/\/ensemble.fiestravaganza.com\/#organization","name":"FIESTRAVGANZA ENSEMBLE","url":"https:\/\/ensemble.fiestravaganza.com\/","logo":{"@type":"ImageObject","inLanguage":"de-DE","@id":"https:\/\/ensemble.fiestravaganza.com\/#\/schema\/logo\/image\/","url":"https:\/\/ensemble.fiestravaganza.com\/wp-content\/uploads\/2025\/05\/ensemble_favicon.svg","contentUrl":"https:\/\/ensemble.fiestravaganza.com\/wp-content\/uploads\/2025\/05\/ensemble_favicon.svg","width":300,"height":300,"caption":"Fiestravaganza Ensemble"},"image":{"@id":"https:\/\/ensemble.fiestravaganza.com\/#\/schema\/logo\/image\/"}}]}},"_links":{"self":[{"href":"https:\/\/ensemble.fiestravaganza.com\/de\/wp-json\/wp\/v2\/pages\/19","targetHints":{"allow":["GET"]}}],"collection":[{"href":"https:\/\/ensemble.fiestravaganza.com\/de\/wp-json\/wp\/v2\/pages"}],"about":[{"href":"https:\/\/ensemble.fiestravaganza.com\/de\/wp-json\/wp\/v2\/types\/page"}],"author":[{"embeddable":true,"href":"https:\/\/ensemble.fiestravaganza.com\/de\/wp-json\/wp\/v2\/users\/1"}],"replies":[{"embeddable":true,"href":"https:\/\/ensemble.fiestravaganza.com\/de\/wp-json\/wp\/v2\/comments?post=19"}],"version-history":[{"count":15,"href":"https:\/\/ensemble.fiestravaganza.com\/de\/wp-json\/wp\/v2\/pages\/19\/revisions"}],"predecessor-version":[{"id":872,"href":"https:\/\/ensemble.fiestravaganza.com\/de\/wp-json\/wp\/v2\/pages\/19\/revisions\/872"}],"wp:featuredmedia":[{"embeddable":true,"href":"https:\/\/ensemble.fiestravaganza.com\/de\/wp-json\/wp\/v2\/media\/873"}],"wp:attachment":[{"href":"https:\/\/ensemble.fiestravaganza.com\/de\/wp-json\/wp\/v2\/media?parent=19"}],"curies":[{"name":"wp","href":"https:\/\/api.w.org\/{rel}","templated":true}]}}